{"id":888,"date":"2024-05-15T13:31:03","date_gmt":"2024-05-15T13:31:03","guid":{"rendered":"https:\/\/barca-aluminiu.ro\/?page_id=888"},"modified":"2024-05-17T11:37:58","modified_gmt":"2024-05-17T11:37:58","slug":"cookies","status":"publish","type":"page","link":"https:\/\/barca-aluminiu.ro\/en\/cookies\/","title":{"rendered":"Cookies"},"content":{"rendered":"<div data-elementor-type=\"wp-page\" data-elementor-id=\"888\" class=\"elementor elementor-888\" data-elementor-post-type=\"page\">\n\t\t\t\t<div class=\"elementor-element elementor-element-e845e39 e-flex e-con-boxed e-con e-parent\" data-id=\"e845e39\" data-element_type=\"container\" data-settings=\"{&quot;jet_parallax_layout_list&quot;:[]}\">\n\t\t\t\t\t<div class=\"e-con-inner\">\n\t\t<div class=\"elementor-element elementor-element-c5f7c4f e-con-full e-flex e-con e-child\" data-id=\"c5f7c4f\" data-element_type=\"container\" data-settings=\"{&quot;jet_parallax_layout_list&quot;:[]}\">\n\t\t\t\t<div class=\"elementor-element elementor-element-0188ce5 elementor-widget elementor-widget-jet-breadcrumbs\" data-id=\"0188ce5\" data-element_type=\"widget\" data-widget_type=\"jet-breadcrumbs.default\">\n\t\t\t\t<div class=\"elementor-widget-container\">\n\t\t\t<div class=\"elementor-jet-breadcrumbs jet-blocks\">\n\t\t<div class=\"jet-breadcrumbs\">\n\t\t<div class=\"jet-breadcrumbs__content\">\n\t\t<div class=\"jet-breadcrumbs__wrap\"><div class=\"jet-breadcrumbs__item\"><a href=\"https:\/\/barca-aluminiu.ro\/en\/\" class=\"jet-breadcrumbs__item-link is-home\" rel=\"home\" title=\"Home\">Home<\/a><\/div>\n\t\t<\/div>\n\t\t<\/div>\n\t\t<\/div><\/div>\t\t<\/div>\n\t\t\t\t<\/div>\n\t\t\t\t<div class=\"elementor-element elementor-element-9675c6a elementor-widget elementor-widget-heading\" data-id=\"9675c6a\" data-element_type=\"widget\" data-widget_type=\"heading.default\">\n\t\t\t\t<div class=\"elementor-widget-container\">\n\t\t\t<style>\/*! elementor - v3.21.0 - 26-05-2024 *\/\n.elementor-heading-title{padding:0;margin:0;line-height:1}.elementor-widget-heading .elementor-heading-title[class*=elementor-size-]>a{color:inherit;font-size:inherit;line-height:inherit}.elementor-widget-heading .elementor-heading-title.elementor-size-small{font-size:15px}.elementor-widget-heading .elementor-heading-title.elementor-size-medium{font-size:19px}.elementor-widget-heading .elementor-heading-title.elementor-size-large{font-size:29px}.elementor-widget-heading .elementor-heading-title.elementor-size-xl{font-size:39px}.elementor-widget-heading .elementor-heading-title.elementor-size-xxl{font-size:59px}<\/style><h1 class=\"elementor-heading-title elementor-size-default\">Cookies<\/h1>\t\t<\/div>\n\t\t\t\t<\/div>\n\t\t\t\t<\/div>\n\t\t<div class=\"elementor-element elementor-element-18f1dff e-con-full e-flex e-con e-child\" data-id=\"18f1dff\" data-element_type=\"container\" data-settings=\"{&quot;jet_parallax_layout_list&quot;:[]}\">\n\t\t\t\t<div class=\"elementor-element elementor-element-ac2f318 elementor-widget elementor-widget-heading\" data-id=\"ac2f318\" data-element_type=\"widget\" data-widget_type=\"heading.default\">\n\t\t\t\t<div class=\"elementor-widget-container\">\n\t\t\t<p class=\"elementor-heading-title elementor-size-default\">from concept design to the boat of your dreams<\/p>\t\t<\/div>\n\t\t\t\t<\/div>\n\t\t\t\t<\/div>\n\t\t\t\t\t<\/div>\n\t\t\t\t<\/div>\n\t\t<div class=\"elementor-element elementor-element-f8264e2 e-flex e-con-boxed e-con e-parent\" data-id=\"f8264e2\" data-element_type=\"container\" data-settings=\"{&quot;jet_parallax_layout_list&quot;:[]}\">\n\t\t\t\t\t<div class=\"e-con-inner\">\n\t\t<div class=\"elementor-element elementor-element-4aceb4c e-con-full e-flex e-con e-child\" data-id=\"4aceb4c\" data-element_type=\"container\" data-settings=\"{&quot;jet_parallax_layout_list&quot;:[]}\">\n\t\t\t\t<div class=\"elementor-element elementor-element-4630afe elementor-widget elementor-widget-text-editor\" data-id=\"4630afe\" data-element_type=\"widget\" data-widget_type=\"text-editor.default\">\n\t\t\t\t<div class=\"elementor-widget-container\">\n\t\t\t<style>\/*! elementor - v3.21.0 - 26-05-2024 *\/\n.elementor-widget-text-editor.elementor-drop-cap-view-stacked .elementor-drop-cap{background-color:#69727d;color:#fff}.elementor-widget-text-editor.elementor-drop-cap-view-framed .elementor-drop-cap{color:#69727d;border:3px solid;background-color:transparent}.elementor-widget-text-editor:not(.elementor-drop-cap-view-default) .elementor-drop-cap{margin-top:8px}.elementor-widget-text-editor:not(.elementor-drop-cap-view-default) .elementor-drop-cap-letter{width:1em;height:1em}.elementor-widget-text-editor .elementor-drop-cap{float:left;text-align:center;line-height:1;font-size:50px}.elementor-widget-text-editor .elementor-drop-cap-letter{display:inline-block}<\/style>\t\t\t\t<p>The Cookie Policy explains what cookies are, what type of cookies we use, the information we collect using cookies, how this information is used on www.barca-aluminiu.ro.<\/p><p>The user can give consent to the use of cookies but can also revoke it by changing the settings on the browser used, which allows the user to accept or refuse the setting of all or certain cookies.<\/p>\t\t\t\t\t\t<\/div>\n\t\t\t\t<\/div>\n\t\t\t\t<div class=\"elementor-element elementor-element-527224b elementor-widget elementor-widget-heading\" data-id=\"527224b\" data-element_type=\"widget\" data-widget_type=\"heading.default\">\n\t\t\t\t<div class=\"elementor-widget-container\">\n\t\t\t<h2 class=\"elementor-heading-title elementor-size-default\">What are cookies?<\/h2>\t\t<\/div>\n\t\t\t\t<\/div>\n\t\t\t\t<div class=\"elementor-element elementor-element-09d4a83 elementor-widget elementor-widget-text-editor\" data-id=\"09d4a83\" data-element_type=\"widget\" data-widget_type=\"text-editor.default\">\n\t\t\t\t<div class=\"elementor-widget-container\">\n\t\t\t\t\t\t\t<p>An \"Internet Cookie\" (also known as a \"browser cookie\" or simply \"cookie\") is a small file of letters and numbers that will be stored on a user's computer, mobile device or other equipment from which the Internet is accessed.<\/p><p>A cookie consists of 2 parts: the name and the content or value of the cookie.<\/p>\t\t\t\t\t\t<\/div>\n\t\t\t\t<\/div>\n\t\t\t\t<div class=\"elementor-element elementor-element-c3d6313 elementor-widget elementor-widget-heading\" data-id=\"c3d6313\" data-element_type=\"widget\" data-widget_type=\"heading.default\">\n\t\t\t\t<div class=\"elementor-widget-container\">\n\t\t\t<h2 class=\"elementor-heading-title elementor-size-default\">What do we use cookies for?<\/h2>\t\t<\/div>\n\t\t\t\t<\/div>\n\t\t\t\t<div class=\"elementor-element elementor-element-12278db elementor-widget elementor-widget-text-editor\" data-id=\"12278db\" data-element_type=\"widget\" data-widget_type=\"text-editor.default\">\n\t\t\t\t<div class=\"elementor-widget-container\">\n\t\t\t\t\t\t\t<p>Cookies are used to distinguish the user from other users of the site.<\/p><p>Cookies are used so that our website remembers what you did while browsing, for example, what articles you accessed, from which device it was accessed.<\/p>\t\t\t\t\t\t<\/div>\n\t\t\t\t<\/div>\n\t\t\t\t<div class=\"elementor-element elementor-element-5b6cdb1 elementor-widget elementor-widget-heading\" data-id=\"5b6cdb1\" data-element_type=\"widget\" data-widget_type=\"heading.default\">\n\t\t\t\t<div class=\"elementor-widget-container\">\n\t\t\t<h2 class=\"elementor-heading-title elementor-size-default\">What types of cookies do we use on www.barca-aluminiu.ro?<\/h2>\t\t<\/div>\n\t\t\t\t<\/div>\n\t\t\t\t<div class=\"elementor-element elementor-element-40b6921 elementor-widget elementor-widget-text-editor\" data-id=\"40b6921\" data-element_type=\"widget\" data-widget_type=\"text-editor.default\">\n\t\t\t\t<div class=\"elementor-widget-container\">\n\t\t\t\t\t\t\t<p>\u25cf Necessary cookies that ensure the proper functioning of the site. This type of cookies are necessary for www.barca-aluminiu.ro to allow its users to use this site.<br \/>\u25cf Analytics\/performance cookies (Google Analytics), these cookies allow us to recognise and calculate the number of visitors to our website and to see how visitors move around when they use it. This helps us to improve the way our site works, for example, by making sure users can easily find what they are looking for.<br \/>\u25cf Social media cookies (Facebook), this type of cookies allow the integration of social media (Facebook) on the website and allow you to immediately like or share a page or product on your preferred social media service.<\/p>\t\t\t\t\t\t<\/div>\n\t\t\t\t<\/div>\n\t\t\t\t<div class=\"elementor-element elementor-element-88cf872 elementor-widget elementor-widget-heading\" data-id=\"88cf872\" data-element_type=\"widget\" data-widget_type=\"heading.default\">\n\t\t\t\t<div class=\"elementor-widget-container\">\n\t\t\t<h3 class=\"elementor-heading-title elementor-size-default\">How can I manage, disable and delete cookies?<\/h3>\t\t<\/div>\n\t\t\t\t<\/div>\n\t\t\t\t<div class=\"elementor-element elementor-element-a8d668c elementor-widget elementor-widget-text-editor\" data-id=\"a8d668c\" data-element_type=\"widget\" data-widget_type=\"text-editor.default\">\n\t\t\t\t<div class=\"elementor-widget-container\">\n\t\t\t\t\t\t\t<p>Users can configure their browser to accept\/reject cookies.<\/p><p>Disabling and refusing to receive cookies may make certain sections\/pages unusable or difficult to visit and use.<\/p><p>Detailed information on how to manage, disable and delete cookies by using the browser settings used to browse the Internet is available at the following addresses:<\/p><p><strong>INTERNET EXPLORER<\/strong><\/p><p>Deleting and managing cookies (IE 8, 9 and 10):<\/p><ul><li><a href=\"http:\/\/windows.microsoft.com\/ro-RO\/internet-explorer\/delete-manage-cookies#ie=ie-8\" target=\"_blank\" rel=\"noopener\">Internet Explorer 8<\/a><\/li><li><a href=\"http:\/\/windows.microsoft.com\/ro-RO\/internet-explorer\/delete-manage-cookies#ie=ie-9\" target=\"_blank\" rel=\"noopener\">Internet Explorer 9<\/a><\/li><li><a href=\"http:\/\/windows.microsoft.com\/ro-RO\/internet-explorer\/delete-manage-cookies#ie=ie-10\" target=\"_blank\" rel=\"noopener\">Internet Explorer 10<\/a><\/li><\/ul><p>\u00a0<\/p><p><strong>MOZILLA FIREFOX<\/strong><\/p><p>Cookie settings and cookie troubleshooting (enabling and disabling cookies, deleting cookies, blocking certain sites from placing cookies, unblocking cookie placement, etc):<\/p><ul><li><a href=\"http:\/\/support.mozilla.org\/ro\/kb\/cookie-urile\" target=\"_blank\" rel=\"noopener\">Delete cookies to remove information stored on your computer by other websites<\/a><\/li><\/ul><p>\u00a0<\/p><p><strong>GOOGLE CHROME<\/strong><\/p><p>Cookie management (deleting, blocking, allowing, setting exceptions, etc.):<\/p><ul><li><a href=\"https:\/\/support.google.com\/chrome\/bin\/answer.py?hl=ro&amp;answer=95647\" target=\"_blank\" rel=\"noopener\">Managing cookies and site data<\/a><\/li><\/ul><p>\u00a0<\/p><p><strong>SAFARI<\/strong><\/p><p>Manage cookies<\/p><ul><li><a href=\"http:\/\/support.apple.com\/kb\/PH11913\" target=\"_blank\" rel=\"noopener\">Safari 6 (OS X Mountain Lion): Manage cookies<\/a><\/li><\/ul><p>\u00a0<\/p><p>Remove cookies<\/p><ul><li><a href=\"http:\/\/support.apple.com\/kb\/PH11920\" target=\"_blank\" rel=\"noopener\">Safari 6 (OS X Mountain Lion): Remove cookies and other data<\/a><\/li><\/ul><p>\u00a0<\/p><p><strong>OPERA<\/strong><\/p><p>Manage and delete cookies (English only):<\/p><p><a href=\"http:\/\/help.opera.com\/Windows\/12.10\/en\/cookies.html\" target=\"_blank\" rel=\"noopener\">Managing cookies and site data<\/a><\/p>\t\t\t\t\t\t<\/div>\n\t\t\t\t<\/div>\n\t\t\t\t<\/div>\n\t\t\t\t\t<\/div>\n\t\t\t\t<\/div>\n\t\t\t\t<\/div>","protected":false},"excerpt":{"rendered":"<p>Home de la concept design p\u00e2n\u0103 la barca pe care o visezi Politica de cookie-uri explic\u0103 ce sunt cookie-urile, ce tip de cookie-uri folosim, informa\u021biile pe care le colect\u0103m cu ajutorul modulelor cookie, modul \u00een care sunt utilizate aceste informa\u021bii pe site-ul www.barca-aluminiu.ro. Utilizatorul \u00ee\u0219i poate da consim\u021b\u0103m\u00e2ntul pentru utilizarea cookie-urilor dar \u00eel \u0219i poate [&hellip;]<\/p>","protected":false},"author":1,"featured_media":0,"parent":0,"menu_order":0,"comment_status":"closed","ping_status":"closed","template":"","meta":{"slim_seo":[],"footnotes":""},"class_list":["post-888","page","type-page","status-publish","hentry"],"_links":{"self":[{"href":"https:\/\/barca-aluminiu.ro\/en\/wp-json\/wp\/v2\/pages\/888","targetHints":{"allow":["GET"]}}],"collection":[{"href":"https:\/\/barca-aluminiu.ro\/en\/wp-json\/wp\/v2\/pages"}],"about":[{"href":"https:\/\/barca-aluminiu.ro\/en\/wp-json\/wp\/v2\/types\/page"}],"author":[{"embeddable":true,"href":"https:\/\/barca-aluminiu.ro\/en\/wp-json\/wp\/v2\/users\/1"}],"replies":[{"embeddable":true,"href":"https:\/\/barca-aluminiu.ro\/en\/wp-json\/wp\/v2\/comments?post=888"}],"version-history":[{"count":28,"href":"https:\/\/barca-aluminiu.ro\/en\/wp-json\/wp\/v2\/pages\/888\/revisions"}],"predecessor-version":[{"id":1025,"href":"https:\/\/barca-aluminiu.ro\/en\/wp-json\/wp\/v2\/pages\/888\/revisions\/1025"}],"wp:attachment":[{"href":"https:\/\/barca-aluminiu.ro\/en\/wp-json\/wp\/v2\/media?parent=888"}],"curies":[{"name":"wp","href":"https:\/\/api.w.org\/{rel}","templated":true}]}}